{"id":574,"date":"2025-10-20T15:35:25","date_gmt":"2025-10-20T15:35:25","guid":{"rendered":"https:\/\/teflonmachinery.com\/?post_type=product&#038;p=574"},"modified":"2025-12-02T12:50:12","modified_gmt":"2025-12-02T12:50:12","slug":"ptfe-corrugated-hose-machine","status":"publish","type":"product","link":"https:\/\/teflonmachinery.com\/es\/producto\/ptfe-corrugated-hose-machine\/","title":{"rendered":"M\u00e1quina autom\u00e1tica para fabricar mangueras corrugadas de PTFE \u2013 L\u00ednea de producci\u00f3n completa"},"content":{"rendered":"<h3 id=\"-product-detail-page-content-\"><strong>Contenido de la p\u00e1gina de detalles del producto<\/strong><\/h3>\n<p>Nuestro <strong>M\u00e1quina autom\u00e1tica para fabricar mangueras corrugadas de PTFE<\/strong> es el n\u00facleo de una soluci\u00f3n de fabricaci\u00f3n llave en mano, dise\u00f1ada por Teflon Machinery para ofrecer una eficiencia y precisi\u00f3n sin igual. Este completo <strong>L\u00ednea de producci\u00f3n de mangueras corrugadas de PTFE<\/strong> Est\u00e1 dise\u00f1ado para ofrecer un rendimiento continuo a alta velocidad con una supervisi\u00f3n m\u00ednima por parte del operador, lo que lo convierte en la inversi\u00f3n ideal para ampliar sus operaciones. Domine lo complejo. <strong>Proceso de corrugado de tubos de PTFE<\/strong> con una m\u00e1quina fiable y robusta, dise\u00f1ada para entornos industriales exigentes que funcionan las 24 horas del d\u00eda, los 7 d\u00edas de la semana.<\/p>\n<h3 id=\"revolutionize-your-production-with-advanced-automation\">Revolucione su producci\u00f3n con automatizaci\u00f3n avanzada<\/h3>\n<p>En el competitivo mercado actual, la eficiencia y la calidad son fundamentales. La maquinaria de tefl\u00f3n <strong>M\u00e1quina autom\u00e1tica para fabricar mangueras corrugadas de PTFE<\/strong> est\u00e1 dise\u00f1ado para resolver los principales retos de fabricaci\u00f3n mediante la automatizaci\u00f3n del complejo proceso de corrugaci\u00f3n. Nuestro sistema elimina las inconsistencias y reduce los costes de mano de obra, lo que le permite producir mangueras corrugadas y convolutas de calidad superior que cumplen con los estrictos est\u00e1ndares de las industrias automotriz, qu\u00edmica y m\u00e9dica.<\/p>\n<h3 id=\"the-core-of-the-ptfe-tube-corrugating-process\">El n\u00facleo del proceso de corrugado de tubos de PTFE<\/h3>\n<p>Nuestra m\u00e1quina perfecciona el <strong>Proceso de corrugado de tubos de PTFE<\/strong> a trav\u00e9s de una secuencia meticulosamente dise\u00f1ada. El principio fundamental consiste en:<\/p>\n<ol>\n<li><strong>Calentamiento y ablandamiento:<\/strong> Un tubo de PTFE extruido y de calibre liso se introduce cuidadosamente en un mandril de precisi\u00f3n. A continuaci\u00f3n, pasa por una zona de calentamiento espec\u00edfica donde se ablanda hasta alcanzar la temperatura \u00f3ptima para su conformado.<\/li>\n<li><strong>Moldeado y conformado:<\/strong> A continuaci\u00f3n, el tubo ablandado se introduce en un conjunto de moldes de conformado de precisi\u00f3n. Estos moldes se acoplan para comprimir el tubo, creando una estructura corrugada o convoluta perfectamente uniforme.<\/li>\n<li><strong>Enfriamiento y estabilizaci\u00f3n:<\/strong> Un sistema de enfriamiento controlado fija inmediatamente la forma de la manguera, lo que garantiza una excelente estabilidad dimensional e integridad estructural antes de que salga de la m\u00e1quina.<\/li>\n<\/ol>\n<p>Este proceso garantiza que todas las mangueras tengan un espesor de pared uniforme y un paso constante, lo cual es fundamental para el rendimiento y la durabilidad.<\/p>\n<h3 id=\"key-features-advantages\">Caracter\u00edsticas y ventajas principales<\/h3>\n<ul>\n<li><strong>Funcionamiento totalmente automatizado:<\/strong> Equipado con un avanzado sistema de control PLC y una pantalla t\u00e1ctil HMI f\u00e1cil de usar para configurar f\u00e1cilmente los par\u00e1metros y supervisar el proceso.<\/li>\n<li><strong>Producci\u00f3n de alta velocidad:<\/strong> Los sistemas optimizados con servomotor garantizan una producci\u00f3n r\u00e1pida y fluida, lo que aumenta significativamente su capacidad de producci\u00f3n.<\/li>\n<li><strong>Moldes de conformado de precisi\u00f3n:<\/strong> Fabricado en acero duradero de alta calidad para una larga vida \u00fatil y una precisi\u00f3n excepcional del perfil. F\u00e1cilmente intercambiable para producir diversos dise\u00f1os de mangueras.<\/li>\n<li><strong>Calidad constante:<\/strong> La combinaci\u00f3n de un control preciso de la temperatura y una gran precisi\u00f3n mec\u00e1nica permite obtener mangueras impecables en cada ciclo de producci\u00f3n, lo que reduce el desperdicio de material.<\/li>\n<li><strong>Construcci\u00f3n robusta:<\/strong> Construido sobre un bastidor de acero de alta resistencia para garantizar la estabilidad y un funcionamiento sin vibraciones, incluso a velocidades m\u00e1ximas.<\/li>\n<li><strong>Integraci\u00f3n completa de la l\u00ednea de producci\u00f3n:<\/strong> Esta m\u00e1quina se integra perfectamente en un sistema completo. <strong>L\u00ednea de producci\u00f3n de mangueras corrugadas de PTFE<\/strong>, incluyendo extrusoras, m\u00e1quinas trenzadoras y cortadoras, ofrecidas por Teflon Machinery.<\/li>\n<\/ul>\n<h3 id=\"technical-specifications\">Especificaciones t\u00e9cnicas<\/h3>\n<table>\n<thead>\n<tr>\n<th style=\"text-align: left;\">Par\u00e1metro<\/th>\n<th style=\"text-align: left;\">Especificaci\u00f3n<\/th>\n<\/tr>\n<\/thead>\n<tbody>\n<tr>\n<td style=\"text-align: left;\"><strong>Nombre del producto<\/strong><\/td>\n<td style=\"text-align: left;\">M\u00e1quina autom\u00e1tica para fabricar mangueras corrugadas de PTFE<\/td>\n<\/tr>\n<tr>\n<td style=\"text-align: left;\"><strong>Rango de di\u00e1metros internos de tubos aplicables<\/strong><\/td>\n<td style=\"text-align: left;\">6 mm \u2013 50 mm (modelos personalizables disponibles)<\/td>\n<\/tr>\n<tr>\n<td style=\"text-align: left;\"><strong>Velocidad m\u00e1xima de producci\u00f3n<\/strong><\/td>\n<td style=\"text-align: left;\">Hasta 6 m\/min (dependiendo del tama\u00f1o y perfil del tubo)<\/td>\n<\/tr>\n<tr>\n<td style=\"text-align: left;\"><strong>M\u00e9todo de calentamiento<\/strong><\/td>\n<td style=\"text-align: left;\">Resistencia el\u00e9ctrica \/ Circulaci\u00f3n de aire caliente<\/td>\n<\/tr>\n<tr>\n<td style=\"text-align: left;\"><strong>Sistema de control<\/strong><\/td>\n<td style=\"text-align: left;\">PLC Siemens\/Mitsubishi con pantalla t\u00e1ctil HMI<\/td>\n<\/tr>\n<tr>\n<td style=\"text-align: left;\"><strong>Motor de accionamiento<\/strong><\/td>\n<td style=\"text-align: left;\">Servomotor de alto rendimiento<\/td>\n<\/tr>\n<tr>\n<td style=\"text-align: left;\"><strong>Presi\u00f3n de aire requerida<\/strong><\/td>\n<td style=\"text-align: left;\">0,6 \u2013 0,8 MPa<\/td>\n<\/tr>\n<tr>\n<td style=\"text-align: left;\"><strong>Potencia total<\/strong><\/td>\n<td style=\"text-align: left;\">10 kW \u2013 25 kW<\/td>\n<\/tr>\n<tr>\n<td style=\"text-align: left;\"><strong>Dimensiones de la m\u00e1quina (L<em>W<\/em>H)<\/strong><\/td>\n<td style=\"text-align: left;\">Aproximadamente 3500 mm. <em> 1200 mm <\/em> 1800 mm<\/td>\n<\/tr>\n<tr>\n<td style=\"text-align: left;\"><strong>Peso de la m\u00e1quina<\/strong><\/td>\n<td style=\"text-align: left;\">Aproximadamente 1500 kg<\/td>\n<\/tr>\n<\/tbody>\n<\/table>\n<p><em>Nota: Las especificaciones se pueden personalizar para satisfacer sus requisitos de producci\u00f3n espec\u00edficos.<\/em><\/p>\n<h3 id=\"wide-range-of-applications\">Amplia gama de aplicaciones<\/h3>\n<p>Las mangueras fabricadas por nuestra empresa <strong>M\u00e1quina para fabricar mangueras corrugadas de PTFE<\/strong> son componentes esenciales en numerosas industrias, entre ellas:<\/p>\n<ul>\n<li><strong>Automoci\u00f3n:<\/strong> Tuber\u00edas de combustible, tuber\u00edas de retorno de vapor y sistemas EGR.<\/li>\n<li><strong>Procesamiento qu\u00edmico:<\/strong> Transferencia de \u00e1cidos corrosivos, bases y disolventes.<\/li>\n<li><strong>M\u00e9dico y farmac\u00e9utico:<\/strong> Conductos flexibles para instrumentos y transferencia de fluidos de alta pureza.<\/li>\n<li><strong>Alimentos y bebidas:<\/strong> Mangueras de transferencia sanitarias que cumplen con las normas de la FDA.<\/li>\n<li><strong>Industria general:<\/strong> Sistemas hidr\u00e1ulicos, conductos de vapor y cubiertas protectoras.<\/li>\n<\/ul>\n<h3 id=\"partner-with-teflon-machinery-for-a-turnkey-solution\">As\u00f3ciese con Teflon Machinery para obtener una soluci\u00f3n llave en mano.<\/h3>\n<p>En Teflon Machinery, hacemos m\u00e1s que solo vender equipos; ofrecemos soluciones completas de fabricaci\u00f3n. Nuestro equipo de ingenieros puede ayudarle a dise\u00f1ar e implementar un sistema completo. <strong>L\u00ednea de producci\u00f3n de mangueras corrugadas de PTFE<\/strong> adaptado a sus necesidades. Desde la consulta inicial hasta la instalaci\u00f3n, la formaci\u00f3n y la asistencia posventa, somos su socio dedicado al \u00e9xito.<\/p>\n<p>\u00bfListo para mejorar sus capacidades de fabricaci\u00f3n?<\/p>\n<p><strong><a href=\"https:\/\/teflonmachinery.com\/es\/contact-us\/\" target=\"_blank\" rel=\"noopener\">Cont\u00e1ctenos<\/a><\/strong> Hoy mismo para obtener un presupuesto detallado o env\u00ede un correo electr\u00f3nico directamente a nuestro equipo de expertos a <a href=\"mailto:info@teflonmachinery.com\" target=\"_blank\" rel=\"noopener\"><strong>info@teflonmachinery.com<\/strong><\/a>.<\/p>\n<hr \/>","protected":false},"excerpt":{"rendered":"<p>Nuestra m\u00e1quina autom\u00e1tica para fabricar mangueras corrugadas de PTFE es la pieza clave de las soluciones para el transporte de fluidos. Esta completa l\u00ednea de producci\u00f3n de mangueras corrugadas de PTFE est\u00e1 dise\u00f1ada para ofrecer una producci\u00f3n de alta velocidad y precisi\u00f3n con una supervisi\u00f3n m\u00ednima. Domine el proceso de corrugado de tubos de PTFE con una m\u00e1quina fiable construida para funcionar las 24 horas del d\u00eda, los 7 d\u00edas de la semana.<\/p>","protected":false},"featured_media":576,"template":"","meta":[],"product_brand":[],"product_cat":[28],"product_tag":[58,59,60],"class_list":{"0":"post-574","1":"product","2":"type-product","3":"status-publish","4":"has-post-thumbnail","6":"product_cat-ptfe-corrugated-hose-machine","7":"product_tag-automatic-ptfe-corrugated-hose-machine","8":"product_tag-ptfe-corrugated-hose-production-line","9":"product_tag-ptfe-tube-corrugating-process","11":"first","12":"instock","13":"shipping-taxable","14":"product-type-simple"},"_links":{"self":[{"href":"https:\/\/teflonmachinery.com\/es\/wp-json\/wp\/v2\/product\/574","targetHints":{"allow":["GET"]}}],"collection":[{"href":"https:\/\/teflonmachinery.com\/es\/wp-json\/wp\/v2\/product"}],"about":[{"href":"https:\/\/teflonmachinery.com\/es\/wp-json\/wp\/v2\/types\/product"}],"wp:featuredmedia":[{"embeddable":true,"href":"https:\/\/teflonmachinery.com\/es\/wp-json\/wp\/v2\/media\/576"}],"wp:attachment":[{"href":"https:\/\/teflonmachinery.com\/es\/wp-json\/wp\/v2\/media?parent=574"}],"wp:term":[{"taxonomy":"product_brand","embeddable":true,"href":"https:\/\/teflonmachinery.com\/es\/wp-json\/wp\/v2\/product_brand?post=574"},{"taxonomy":"product_cat","embeddable":true,"href":"https:\/\/teflonmachinery.com\/es\/wp-json\/wp\/v2\/product_cat?post=574"},{"taxonomy":"product_tag","embeddable":true,"href":"https:\/\/teflonmachinery.com\/es\/wp-json\/wp\/v2\/product_tag?post=574"}],"curies":[{"name":"wp","href":"https:\/\/api.w.org\/{rel}","templated":true}]}}