{"id":572,"date":"2025-10-20T14:39:28","date_gmt":"2025-10-20T14:39:28","guid":{"rendered":"https:\/\/teflonmachinery.com\/?post_type=product&#038;p=572"},"modified":"2025-12-02T12:50:50","modified_gmt":"2025-12-02T12:50:50","slug":"ptfe-mixer","status":"publish","type":"product","link":"https:\/\/teflonmachinery.com\/es\/producto\/ptfe-mixer\/","title":{"rendered":"Mezclador industrial de PTFE: mezclador de polvo de alto cizallamiento para compuestos"},"content":{"rendered":"<h2 id=\"superior-homogeneity-for-advanced-ptfe-compounds\">Homogeneidad superior para compuestos avanzados de PTFE<\/h2>\n<p>En Teflon Machinery, entendemos que la calidad de su producto final de PTFE comienza con la mezcla. Nuestro <strong>Mezclador industrial de PTFE<\/strong> est\u00e1 dise\u00f1ado por expertos para satisfacer las rigurosas exigencias de la modernidad. <strong>Equipo de compuestos de PTFE<\/strong>. Dise\u00f1ada para manejar las caracter\u00edsticas \u00fanicas de la resina de politetrafluoroetileno y diversos rellenos, esta m\u00e1quina garantiza una mezcla sin grumos y perfectamente homog\u00e9nea en todo momento.<\/p>\n<p>Tanto si mezcla PTFE virgen con fibra de vidrio, carbono, bronce o grafito, nuestro <strong>Mezclador de alto cizallamiento para PTFE<\/strong> proporciona la acci\u00f3n de mezcla intensiva necesaria para descomponer los aglomerados y garantizar una dispersi\u00f3n uniforme. Como l\u00edder <strong>Mezclador de polvo de PTFE<\/strong>, reduce significativamente los tiempos de mezcla y mejora la consistencia entre lotes, lo que se traduce directamente en productos finales de mayor calidad y una reducci\u00f3n del desperdicio de material.<\/p>\n<h3 id=\"key-features-advantages\">Caracter\u00edsticas y ventajas principales<\/h3>\n<ul>\n<li><strong>Acci\u00f3n de mezcla de alto cizallamiento:<\/strong> Los dise\u00f1os especializados de los impulsores crean un potente v\u00f3rtice, lo que garantiza una mezcla r\u00e1pida y completa de polvos ligeros de PTFE y rellenos pesados.<\/li>\n<li><strong>Control de temperatura:<\/strong> Las chaquetas integradas de calentamiento\/enfriamiento permiten una regulaci\u00f3n precisa de la temperatura, evitando que el calor por fricci\u00f3n degrade los materiales sensibles de PTFE durante la mezcla intensiva.<\/li>\n<li><strong>Construcci\u00f3n duradera:<\/strong> Todas las piezas de contacto est\u00e1n fabricadas en acero inoxidable de alta calidad (304 o 316L) para evitar la contaminaci\u00f3n y garantizar una larga vida \u00fatil, incluso cuando se utilizan rellenos abrasivos.<\/li>\n<li><strong>F\u00e1cil limpieza y mantenimiento:<\/strong> El recipiente mezclador est\u00e1 dise\u00f1ado con un interior altamente pulido y tapas de f\u00e1cil acceso, lo que minimiza el tiempo de inactividad entre cambios de lote y garantiza el cumplimiento de las buenas pr\u00e1cticas de fabricaci\u00f3n (GMP) cuando sea necesario.<\/li>\n<li><strong>Funcionamiento automatizado:<\/strong> Disponible con controles PLC avanzados para una gesti\u00f3n precisa de la velocidad de mezcla, el tiempo y la temperatura, lo que garantiza resultados repetibles para su <strong>Equipo de compuestos de PTFE<\/strong>.<\/li>\n<\/ul>\n<h3 id=\"working-principle\">Principio de funcionamiento<\/h3>\n<p>El <strong>Mezclador industrial de PTFE<\/strong> Funciona seg\u00fan el principio de agitaci\u00f3n mec\u00e1nica a alta velocidad. Las cuchillas giratorias especialmente dise\u00f1adas en la parte inferior del recipiente empujan el material hacia arriba a lo largo de la pared del contenedor. A continuaci\u00f3n, el material vuelve a caer hacia el centro, creando un intenso flujo de v\u00f3rtice.<\/p>\n<p>Este movimiento a alta velocidad genera una intensa fricci\u00f3n y fuerzas de cizallamiento, que son esenciales para:<\/p>\n<ol>\n<li>Descomponer cualquier part\u00edcula aglomerada de polvo de PTFE.<\/li>\n<li>Recubrimiento uniforme de part\u00edculas de PTFE con aditivos o rellenos.<\/li>\n<li>Conseguir una mezcla homog\u00e9nea en un ciclo muy corto.<\/li>\n<\/ol>\n<p>Para aplicaciones sensibles al calor, el mezclador se puede conectar a una unidad de refrigeraci\u00f3n para disipar el calor generado por la fricci\u00f3n, lo que garantiza que la resina de PTFE permanezca en su estado \u00f3ptimo para los pasos de procesamiento posteriores, como el preformado y la sinterizaci\u00f3n.<\/p>\n<h3 id=\"typical-applications\">Aplicaciones t\u00edpicas<\/h3>\n<p>Nuestro <strong>M\u00e1quina mezcladora de polvo de PTFE<\/strong> Se utiliza ampliamente en industrias que requieren materiales fluoropol\u00edmeros de alto rendimiento:<\/p>\n<ul>\n<li><strong>Automoci\u00f3n y aeroespacial:<\/strong> PTFE compuesto relleno para juntas, arandelas, cojinetes y casquillos que requieren una mayor resistencia al desgaste.<\/li>\n<li><strong>Procesamiento qu\u00edmico:<\/strong> Preparaci\u00f3n de materiales para revestimientos de bombas, asientos de v\u00e1lvulas y sistemas de tuber\u00edas resistentes a la corrosi\u00f3n.<\/li>\n<li><strong>Electr\u00f3nica:<\/strong> Mezcla de PTFE de alta pureza para componentes aislantes, espaciadores y materiales para cables de alta frecuencia.<\/li>\n<li><strong>Materiales avanzados:<\/strong> I+D y producci\u00f3n de compuestos de PTFE especializados con propiedades dise\u00f1adas a medida.<\/li>\n<\/ul>\n<h3 id=\"technical-specifications\">Especificaciones t\u00e9cnicas<\/h3>\n<p>A continuaci\u00f3n se muestran los par\u00e1metros est\u00e1ndar de nuestra popular serie TM-HSM de alta velocidad. <strong>Mezcladores industriales de PTFE<\/strong>. Tambi\u00e9n ofrecemos soluciones totalmente personalizadas para satisfacer sus necesidades espec\u00edficas en cuanto a tama\u00f1os de lotes y requisitos de proceso.<\/p>\n<table>\n<thead>\n<tr>\n<th style=\"text-align: left;\">Volumen total (L)<\/th>\n<th style=\"text-align: left;\">Volumen efectivo (L)<\/th>\n<th style=\"text-align: left;\">Potencia del motor (kW)<\/th>\n<th style=\"text-align: left;\">Velocidad del husillo (rpm)<\/th>\n<th style=\"text-align: left;\">M\u00e9todo de calentamiento\/enfriamiento<\/th>\n<\/tr>\n<\/thead>\n<tbody>\n<tr>\n<td style=\"text-align: left;\">100<\/td>\n<td style=\"text-align: left;\">75<\/td>\n<td style=\"text-align: left;\">14\/22<\/td>\n<td style=\"text-align: left;\">650\/1300<\/td>\n<td style=\"text-align: left;\">El\u00e9ctrico\/Vapor\/Petr\u00f3leo<\/td>\n<\/tr>\n<tr>\n<td style=\"text-align: left;\">200<\/td>\n<td style=\"text-align: left;\">150<\/td>\n<td style=\"text-align: left;\">30\/42<\/td>\n<td style=\"text-align: left;\">500\/1000<\/td>\n<td style=\"text-align: left;\">El\u00e9ctrico\/Vapor\/Petr\u00f3leo<\/td>\n<\/tr>\n<tr>\n<td style=\"text-align: left;\">300<\/td>\n<td style=\"text-align: left;\">225<\/td>\n<td style=\"text-align: left;\">40\/55<\/td>\n<td style=\"text-align: left;\">500\/1000<\/td>\n<td style=\"text-align: left;\">El\u00e9ctrico\/Vapor\/Petr\u00f3leo<\/td>\n<\/tr>\n<tr>\n<td style=\"text-align: left;\">500<\/td>\n<td style=\"text-align: left;\">375<\/td>\n<td style=\"text-align: left;\">55\/75<\/td>\n<td style=\"text-align: left;\">420\/840<\/td>\n<td style=\"text-align: left;\">El\u00e9ctrico\/Vapor\/Petr\u00f3leo<\/td>\n<\/tr>\n<tr>\n<td style=\"text-align: left;\">800<\/td>\n<td style=\"text-align: left;\">600<\/td>\n<td style=\"text-align: left;\">75\/90<\/td>\n<td style=\"text-align: left;\">400\/800<\/td>\n<td style=\"text-align: left;\">El\u00e9ctrico\/Vapor\/Petr\u00f3leo<\/td>\n<\/tr>\n<tr>\n<td style=\"text-align: left;\">1000<\/td>\n<td style=\"text-align: left;\">750<\/td>\n<td style=\"text-align: left;\">90\/110<\/td>\n<td style=\"text-align: left;\">350\/700<\/td>\n<td style=\"text-align: left;\">El\u00e9ctrico\/Vapor\/Petr\u00f3leo<\/td>\n<\/tr>\n<\/tbody>\n<\/table>\n<p><em>Nota: Las especificaciones est\u00e1n sujetas a cambios sin previo aviso con el fin de mejorar el producto. Se pueden solicitar tama\u00f1os personalizados bajo pedido.<\/em><\/p>\n<h3 id=\"ready-to-optimize-your-ptfe-mixing-process-\">\u00bfListo para optimizar su proceso de mezcla de PTFE?<\/h3>\n<p>Actualice su l\u00ednea de producci\u00f3n con la fiabilidad de Teflon Machinery. <strong>Mezclador industrial de PTFE<\/strong>. Nuestro equipo de ingenieros est\u00e1 listo para ayudarle a seleccionar la configuraci\u00f3n perfecta para sus necesidades espec\u00edficas de compuestos.<\/p>\n<p>Para obtener m\u00e1s informaci\u00f3n, consultar precios o hablar sobre un proyecto personalizado, visite nuestro <a href=\"https:\/\/teflonmachinery.com\/es\/contact-us\/\" target=\"_blank\" rel=\"noopener\">Cont\u00e1ctenos<\/a> p\u00e1gina o env\u00ede un correo electr\u00f3nico directamente a nuestro equipo t\u00e9cnico de ventas a <a href=\"mailto:info@teflonmachinery.com\" target=\"_blank\" rel=\"noopener\">info@teflonmachinery.com<\/a>.<\/p>","protected":false},"excerpt":{"rendered":"<p>Nuestra mezcladora industrial de PTFE est\u00e1 dise\u00f1ada para obtener un alto rendimiento en la composici\u00f3n y dispersi\u00f3n. Esta robusta mezcladora de polvo de PTFE de alto cizallamiento garantiza una homogeneidad perfecta para pol\u00edmeros rellenos, recubrimientos y compuestos avanzados. Consiga una consistencia superior en los lotes y reduzca los tiempos de mezcla con nuestro potente equipo de mezcla de PTFE.<\/p>","protected":false},"featured_media":573,"template":"","meta":[],"product_brand":[],"product_cat":[27],"product_tag":[55,54,57,56],"class_list":{"0":"post-572","1":"product","2":"type-product","3":"status-publish","4":"has-post-thumbnail","6":"product_cat-filled-ptfe-mixing-machine","7":"product_tag-high-shear-mixer-for-ptfe","8":"product_tag-industrial-ptfe-mixer","9":"product_tag-ptfe-compounding-equipment","10":"product_tag-ptfe-powder-blender","12":"first","13":"instock","14":"shipping-taxable","15":"product-type-simple"},"_links":{"self":[{"href":"https:\/\/teflonmachinery.com\/es\/wp-json\/wp\/v2\/product\/572","targetHints":{"allow":["GET"]}}],"collection":[{"href":"https:\/\/teflonmachinery.com\/es\/wp-json\/wp\/v2\/product"}],"about":[{"href":"https:\/\/teflonmachinery.com\/es\/wp-json\/wp\/v2\/types\/product"}],"wp:featuredmedia":[{"embeddable":true,"href":"https:\/\/teflonmachinery.com\/es\/wp-json\/wp\/v2\/media\/573"}],"wp:attachment":[{"href":"https:\/\/teflonmachinery.com\/es\/wp-json\/wp\/v2\/media?parent=572"}],"wp:term":[{"taxonomy":"product_brand","embeddable":true,"href":"https:\/\/teflonmachinery.com\/es\/wp-json\/wp\/v2\/product_brand?post=572"},{"taxonomy":"product_cat","embeddable":true,"href":"https:\/\/teflonmachinery.com\/es\/wp-json\/wp\/v2\/product_cat?post=572"},{"taxonomy":"product_tag","embeddable":true,"href":"https:\/\/teflonmachinery.com\/es\/wp-json\/wp\/v2\/product_tag?post=572"}],"curies":[{"name":"wp","href":"https:\/\/api.w.org\/{rel}","templated":true}]}}