{"id":567,"date":"2025-10-20T13:42:14","date_gmt":"2025-10-20T13:42:14","guid":{"rendered":"https:\/\/teflonmachinery.com\/?post_type=product&#038;p=567"},"modified":"2025-12-02T12:51:09","modified_gmt":"2025-12-02T12:51:09","slug":"ptfe-sintering-ovens","status":"publish","type":"product","link":"https:\/\/teflonmachinery.com\/es\/producto\/ptfe-sintering-ovens\/","title":{"rendered":"Hornos industriales de sinterizaci\u00f3n de PTFE \u2013 Horno de sinterizaci\u00f3n de tefl\u00f3n de alta temperatura"},"content":{"rendered":"<h3 id=\"-product-detail-page-content-\"><strong>Contenido de la p\u00e1gina de detalles del producto<\/strong><\/h3>\n<p>Nuestra industria <strong>Hornos de sinterizaci\u00f3n de PTFE<\/strong> est\u00e1n dise\u00f1ados para un procesamiento superior de Teflon\u2122 y otros fluoropol\u00edmeros. Esto <strong>horno de sinterizaci\u00f3n de alta temperatura<\/strong> garantiza una uniformidad excepcional de la temperatura para obtener resultados consistentes y de alta calidad en todo momento.<\/p>\n<p>Dise\u00f1ado para ofrecer fiabilidad y eficiencia, es la soluci\u00f3n ideal para aplicaciones industriales exigentes, ya que reduce los tiempos de ciclo y minimiza los defectos. Como especialista <strong>Fabricante de hornos de PTFE<\/strong>, <strong>Maquinaria de tefl\u00f3n<\/strong> suministra equipos que constituyen la columna vertebral de su producci\u00f3n, garantizando rendimiento y durabilidad.<\/p>\n<h3 id=\"your-trusted-partner-for-high-performance-sintering\">Su socio de confianza para la sinterizaci\u00f3n de alto rendimiento<\/h3>\n<p>En <strong>Maquinaria de tefl\u00f3n<\/strong>, Entendemos que la calidad de su producto final de PTFE depende directamente de la precisi\u00f3n del proceso de sinterizaci\u00f3n. Nuestro <strong>Horno de sinterizaci\u00f3n de tefl\u00f3n<\/strong> est\u00e1 meticulosamente dise\u00f1ado para proporcionar el entorno estable y controlado necesario para una fusi\u00f3n perfecta de las part\u00edculas de pol\u00edmero. Invertir en nuestro <strong>hornos industriales de sinterizaci\u00f3n<\/strong> significa invertir en la consistencia entre lotes y una reducci\u00f3n significativa de las piezas desechadas.<\/p>\n<h3 id=\"key-features-of-our-ptfe-sintering-oven\">Caracter\u00edsticas principales de nuestro horno de sinterizaci\u00f3n de PTFE<\/h3>\n<ul>\n<li><strong>Control preciso de la temperatura:<\/strong> Equipado con controladores PLC y PID avanzados, nuestro <strong>horno de sinterizaci\u00f3n de alta temperatura<\/strong> mantiene la uniformidad de la temperatura dentro de \u00b12 \u00b0C, lo cual es fundamental para el ciclo de sinterizaci\u00f3n del PTFE.<\/li>\n<li><strong>Sistema de flujo de aire optimizado:<\/strong> Un sistema de circulaci\u00f3n de aire forzado horizontal garantiza una distribuci\u00f3n uniforme del calor en toda la c\u00e1mara, eliminando los puntos calientes y asegurando que todas las piezas, independientemente de su tama\u00f1o o posici\u00f3n, se sintericen perfectamente.<\/li>\n<li><strong>Construcci\u00f3n resistente:<\/strong> Construidos con un marco de acero reforzado y un interior de acero inoxidable de alta pureza y resistente a la corrosi\u00f3n (SUS304), nuestros hornos est\u00e1n dise\u00f1ados para una larga vida \u00fatil en entornos industriales exigentes.<\/li>\n<li><strong>Aislamiento superior:<\/strong> El aislamiento de fibra cer\u00e1mica multicapa y alta densidad minimiza la p\u00e9rdida de calor, lo que hace que nuestro <strong>hornos industriales de sinterizaci\u00f3n<\/strong> altamente eficiente desde el punto de vista energ\u00e9tico y reduce sus costes operativos.<\/li>\n<li><strong>Caracter\u00edsticas de seguridad avanzadas:<\/strong> Incluye protecci\u00f3n contra sobrecalentamiento, un puerto de escape independiente para la extracci\u00f3n de humos y mecanismos de bloqueo de puertas seguros para garantizar la seguridad del operador.<\/li>\n<li><strong>Ciclos programables:<\/strong> Almacene m\u00faltiples perfiles de sinterizaci\u00f3n con etapas programables de rampa, reposo y enfriamiento para automatizar sus procesos y garantizar la repetibilidad para diferentes grados de PTFE y geometr\u00edas de piezas.<\/li>\n<\/ul>\n<h3 id=\"applications-across-industries\">Aplicaciones en todos los sectores<\/h3>\n<p>Nuestro <strong>Horno de sinterizaci\u00f3n de tefl\u00f3n<\/strong> es la soluci\u00f3n ideal para fabricantes que producen una amplia gama de componentes de PTFE, entre los que se incluyen:<\/p>\n<ul>\n<li><strong>Formas de stock:<\/strong> Barras, l\u00e1minas y tubos de PTFE perfectamente sinterizados para mecanizado secundario.<\/li>\n<li><strong>Sellos y juntas:<\/strong> Crear sellos de alta integridad para las industrias automotriz, qu\u00edmica y de petr\u00f3leo y gas.<\/li>\n<li><strong>Revestimientos y recubrimientos:<\/strong> Cure los revestimientos de PTFE en tuber\u00edas, v\u00e1lvulas y recipientes para obtener propiedades anticorrosivas superiores.<\/li>\n<li><strong>Aeroespacial y m\u00e9dico:<\/strong> Procese componentes cr\u00edticos y de alto rendimiento que requieren una validaci\u00f3n estricta del proceso y pureza de los materiales.<\/li>\n<li><strong>Electr\u00f3nica:<\/strong> Aisladores sinterizados y sustratos de alta frecuencia en los que las propiedades diel\u00e9ctricas son fundamentales.<\/li>\n<\/ul>\n<h3 id=\"technical-specifications\">Especificaciones t\u00e9cnicas<\/h3>\n<table>\n<thead>\n<tr>\n<th style=\"text-align: left;\">Par\u00e1metro<\/th>\n<th style=\"text-align: left;\">Especificaci\u00f3n<\/th>\n<\/tr>\n<\/thead>\n<tbody>\n<tr>\n<td style=\"text-align: left;\"><strong>Rango de temperatura de funcionamiento<\/strong><\/td>\n<td style=\"text-align: left;\">Temperatura ambiente ~ 400 \u00b0C (752 \u00b0F)<\/td>\n<\/tr>\n<tr>\n<td style=\"text-align: left;\"><strong>Precisi\u00f3n del control de temperatura<\/strong><\/td>\n<td style=\"text-align: left;\">\u00b1 1 \u00b0C<\/td>\n<\/tr>\n<tr>\n<td style=\"text-align: left;\"><strong>Uniformidad de temperatura<\/strong><\/td>\n<td style=\"text-align: left;\">\u00b1 2 \u00b0C (prueba con c\u00e1mara vac\u00eda)<\/td>\n<\/tr>\n<tr>\n<td style=\"text-align: left;\"><strong>Material de la c\u00e1mara<\/strong><\/td>\n<td style=\"text-align: left;\">Acero inoxidable (SUS304)<\/td>\n<\/tr>\n<tr>\n<td style=\"text-align: left;\"><strong>Elementos calefactores<\/strong><\/td>\n<td style=\"text-align: left;\">Calentadores de nicromo de alta eficiencia<\/td>\n<\/tr>\n<tr>\n<td style=\"text-align: left;\"><strong>Sistema de control<\/strong><\/td>\n<td style=\"text-align: left;\">Pantalla t\u00e1ctil PLC \/ Controlador digital PID<\/td>\n<\/tr>\n<tr>\n<td style=\"text-align: left;\"><strong>Fuente de alimentaci\u00f3n<\/strong><\/td>\n<td style=\"text-align: left;\">3 fases, 220 V\/380 V\/415 V\/480 V, 50\/60 Hz<\/td>\n<\/tr>\n<tr>\n<td style=\"text-align: left;\"><strong>Tama\u00f1os de c\u00e1mara disponibles (An x Pr x Al)<\/strong><\/td>\n<td style=\"text-align: left;\">De 500 x 500 x 500 mm a 2000 x 2000 x 2000 mm (tama\u00f1os personalizados disponibles)<\/td>\n<\/tr>\n<tr>\n<td style=\"text-align: left;\"><strong>Caracter\u00edsticas opcionales<\/strong><\/td>\n<td style=\"text-align: left;\">Carro\/carretilla para carga, depurador de humos, registrador de datos<\/td>\n<\/tr>\n<\/tbody>\n<\/table>\n<p><strong>*Nota:<\/strong> Las especificaciones se pueden personalizar para satisfacer sus requisitos espec\u00edficos. Como l\u00edder <strong>Fabricante de hornos de PTFE<\/strong>, Nos especializamos en soluciones personalizadas.*<\/p>\n<h3 id=\"request-your-quote-today\">Solicite su presupuesto hoy mismo<\/h3>\n<p>Lleve su procesamiento de PTFE al siguiente nivel con un <strong>horno de sinterizaci\u00f3n de alta temperatura<\/strong> desde <strong>Maquinaria de tefl\u00f3n<\/strong>. Nuestro equipo de expertos est\u00e1 listo para ayudarle a seleccionar o dise\u00f1ar el horno perfecto para su aplicaci\u00f3n.<\/p>\n<p>Para obtener especificaciones detalladas, un presupuesto personalizado o para hablar sobre su proyecto, p\u00f3ngase en contacto con nosotros.<\/p>\n<ul>\n<li><strong>Visite nuestra p\u00e1gina de contacto:<\/strong> <a href=\"https:\/\/teflonmachinery.com\/es\/contact-us\/\" target=\"_blank\" rel=\"noopener\">https:\/\/teflonmachinery.com\/contact-us\/<\/a><\/li>\n<li><strong>Env\u00edenos un correo electr\u00f3nico directamente:<\/strong> <a href=\"mailto:info@teflonmachinery.com\" target=\"_blank\" rel=\"noopener\">info@teflonmachinery.com<\/a><\/li>\n<\/ul>","protected":false},"excerpt":{"rendered":"<p>Nuestros hornos industriales de sinterizaci\u00f3n de PTFE est\u00e1n dise\u00f1ados para un procesamiento superior de Teflon\u2122 y otros fluoropol\u00edmeros. Este horno de sinterizaci\u00f3n de alta temperatura garantiza una uniformidad t\u00e9rmica excepcional para obtener resultados consistentes y de alta calidad en todo momento.<\/p>\n<p>Dise\u00f1ado para ofrecer fiabilidad y eficiencia, es la soluci\u00f3n ideal para aplicaciones industriales exigentes, ya que reduce los tiempos de ciclo y minimiza los defectos.<\/p>","protected":false},"featured_media":568,"template":"","meta":[],"product_brand":[],"product_cat":[26],"product_tag":[51,50,53,52],"class_list":{"0":"post-567","1":"product","2":"type-product","3":"status-publish","4":"has-post-thumbnail","6":"product_cat-sintering-oven","7":"product_tag-high-temperature-sintering-oven","8":"product_tag-industrial-sintering-ovens","9":"product_tag-ptfe-oven-manufacturer","10":"product_tag-teflon-sintering-furnace","12":"first","13":"instock","14":"shipping-taxable","15":"product-type-simple"},"_links":{"self":[{"href":"https:\/\/teflonmachinery.com\/es\/wp-json\/wp\/v2\/product\/567","targetHints":{"allow":["GET"]}}],"collection":[{"href":"https:\/\/teflonmachinery.com\/es\/wp-json\/wp\/v2\/product"}],"about":[{"href":"https:\/\/teflonmachinery.com\/es\/wp-json\/wp\/v2\/types\/product"}],"wp:featuredmedia":[{"embeddable":true,"href":"https:\/\/teflonmachinery.com\/es\/wp-json\/wp\/v2\/media\/568"}],"wp:attachment":[{"href":"https:\/\/teflonmachinery.com\/es\/wp-json\/wp\/v2\/media?parent=567"}],"wp:term":[{"taxonomy":"product_brand","embeddable":true,"href":"https:\/\/teflonmachinery.com\/es\/wp-json\/wp\/v2\/product_brand?post=567"},{"taxonomy":"product_cat","embeddable":true,"href":"https:\/\/teflonmachinery.com\/es\/wp-json\/wp\/v2\/product_cat?post=567"},{"taxonomy":"product_tag","embeddable":true,"href":"https:\/\/teflonmachinery.com\/es\/wp-json\/wp\/v2\/product_tag?post=567"}],"curies":[{"name":"wp","href":"https:\/\/api.w.org\/{rel}","templated":true}]}}