{"id":469,"date":"2025-10-19T11:38:39","date_gmt":"2025-10-19T11:38:39","guid":{"rendered":"https:\/\/teflonmachinery.com\/?post_type=product&#038;p=469"},"modified":"2025-12-10T12:19:47","modified_gmt":"2025-12-10T12:19:47","slug":"automatic-ptfe-compression-molding-machine","status":"publish","type":"product","link":"https:\/\/teflonmachinery.com\/es\/producto\/automatic-ptfe-compression-molding-machine\/","title":{"rendered":"M\u00e1quina autom\u00e1tica de moldeo por compresi\u00f3n de PTFE para juntas y empaquetaduras"},"content":{"rendered":"<p><strong>Maquinaria de tefl\u00f3n<\/strong> presenta lo \u00faltimo en tecnolog\u00eda <strong>M\u00e1quina autom\u00e1tica de moldeo por compresi\u00f3n de PTFE<\/strong>, dise\u00f1ado para la fabricaci\u00f3n de alta precisi\u00f3n de juntas y sellos de PTFE. Este avanzado <strong>M\u00e1quina de moldeo por compresi\u00f3n de tefl\u00f3n<\/strong> Est\u00e1 dise\u00f1ado para ofrecer una calidad constante y un alto rendimiento, lo que lo convierte en un activo indispensable para su l\u00ednea de producci\u00f3n. Disfrute de una eficiencia superior y un rendimiento fiable con nuestro sistema automatizado. <strong>Prensa hidr\u00e1ulica de PTFE<\/strong> sistema, desarrollado espec\u00edficamente para aplicaciones industriales exigentes.<\/p>\n<p>Nuestro <strong>M\u00e1quina autom\u00e1tica para moldear PTFE<\/strong> Optimiza todo el proceso de producci\u00f3n, desde el llenado de polvo hasta la expulsi\u00f3n del producto final. Este sistema totalmente automatizado minimiza la intervenci\u00f3n manual, lo que se traduce en una reducci\u00f3n significativa de los costes laborales y del potencial de error humano. El resultado es una soluci\u00f3n de fabricaci\u00f3n altamente eficiente y econ\u00f3mica, especialmente para la producci\u00f3n de grandes vol\u00famenes de componentes de PTFE.<\/p>\n<p>El n\u00facleo de nuestra m\u00e1quina es un robusto <strong>Prensa hidr\u00e1ulica de PTFE<\/strong> que aplica una presi\u00f3n constante y precisa, lo cual es fundamental para lograr una densidad uniforme y unas propiedades mec\u00e1nicas \u00f3ptimas en el producto final. El proceso de moldeo, que incluye compresi\u00f3n, sinterizaci\u00f3n y enfriamiento, se controla cuidadosamente para producir juntas y sellos de PTFE dimensionalmente estables y sin defectos. Esto <strong>M\u00e1quina moldeadora de juntas de PTFE<\/strong> Tambi\u00e9n es vers\u00e1til, capaz de manejar tanto compuestos de PTFE virgen como rellenos, lo que permite la producci\u00f3n de piezas con caracter\u00edsticas mejoradas, como una mayor resistencia a la compresi\u00f3n y al desgaste.<\/p>\n<h3 id=\"key-features-\">Caracter\u00edsticas principales:<\/h3>\n<ul>\n<li><strong>Funcionamiento totalmente autom\u00e1tico:<\/strong> Alimentaci\u00f3n automatizada de polvo, compresi\u00f3n y expulsi\u00f3n del producto para una producci\u00f3n continua las 24 horas del d\u00eda.<\/li>\n<li><strong>Alta precisi\u00f3n y consistencia:<\/strong> El control PLC avanzado y un sistema servohidr\u00e1ulico garantizan un control preciso de la presi\u00f3n y la temperatura, lo que da como resultado productos con tolerancias estrictas y densidad uniforme.<\/li>\n<li><strong>Eficiencia mejorada:<\/strong> Los tiempos de ciclo optimizados permiten un aumento significativo de la producci\u00f3n en comparaci\u00f3n con las m\u00e1quinas manuales o semiautom\u00e1ticas.<\/li>\n<li><strong>Construcci\u00f3n robusta:<\/strong> Fabricado con un bastidor de acero de alta resistencia para ofrecer una estabilidad excepcional y una durabilidad a largo plazo en entornos industriales.<\/li>\n<li><strong>Interfaz f\u00e1cil de usar:<\/strong> Equipado con una interfaz hombre-m\u00e1quina (HMI) con pantalla t\u00e1ctil para facilitar el manejo, el ajuste de par\u00e1metros y la supervisi\u00f3n en tiempo real del proceso de producci\u00f3n.<\/li>\n<li><strong>Versatilidad:<\/strong> El <strong>M\u00e1quina moldeadora de juntas de PTFE<\/strong> Est\u00e1 dise\u00f1ado con moldes intercambiables para producir una amplia variedad de juntas, empaquetaduras, juntas t\u00f3ricas y otros componentes personalizados.<\/li>\n<li><strong>Rentable:<\/strong> Reduce el desperdicio de material y los costes de mano de obra, lo que proporciona un r\u00e1pido retorno de la inversi\u00f3n.<\/li>\n<\/ul>\n<h3 id=\"the-ptfe-compression-molding-process-\">El proceso de moldeo por compresi\u00f3n de PTFE:<\/h3>\n<p>El proceso de fabricaci\u00f3n con nuestro <strong>M\u00e1quina de moldeo por compresi\u00f3n de tefl\u00f3n<\/strong> implica varias etapas clave:<\/p>\n<ol>\n<li><strong>Preparaci\u00f3n del material:<\/strong> El polvo de PTFE de alta calidad, ya sea virgen o mezclado con rellenos, se carga en el sistema de alimentaci\u00f3n autom\u00e1tico de la m\u00e1quina.<\/li>\n<li><strong>Relleno de moldes:<\/strong> Se dispensa autom\u00e1ticamente una cantidad precisa de polvo de PTFE en la cavidad del molde para garantizar la consistencia del producto.<\/li>\n<li><strong>Compresi\u00f3n:<\/strong> El <strong>Prensa hidr\u00e1ulica de PTFE<\/strong> aplica alta presi\u00f3n al polvo a temperatura ambiente, compact\u00e1ndolo en una preforma s\u00f3lida.<\/li>\n<li><strong>Sinterizaci\u00f3n:<\/strong> A continuaci\u00f3n, la pieza preformada se calienta en un horno a una temperatura superior al punto de fusi\u00f3n del PTFE (alrededor de 360-380 \u00b0C), lo que provoca que las part\u00edculas se fusionen y formen una pieza s\u00f3lida y duradera.<\/li>\n<li><strong>Refrigeraci\u00f3n:<\/strong> La pieza terminada se enfr\u00eda cuidadosamente para garantizar la estabilidad dimensional y evitar tensiones internas.<\/li>\n<\/ol>\n<p>Este meticuloso proceso garantiza que las juntas y sellos de PTFE finales posean una resistencia qu\u00edmica excepcional, tolerancia a altas temperaturas y un bajo coeficiente de fricci\u00f3n, lo que los hace adecuados para una amplia gama de aplicaciones cr\u00edticas.<\/p>\n<h3 id=\"applications-\">Aplicaciones:<\/h3>\n<p>Nuestro <strong>M\u00e1quina autom\u00e1tica para moldear juntas de PTFE<\/strong> y <strong>M\u00e1quina moldeadora de juntas de PTFE<\/strong> son ideales para producir componentes de alto rendimiento para diversas industrias, entre ellas:<\/p>\n<ul>\n<li>Aeroespacial y automotriz<\/li>\n<li>Procesamiento qu\u00edmico<\/li>\n<li>Farmac\u00e9utico y m\u00e9dico<\/li>\n<li>Alimentos y bebidas<\/li>\n<li>Electr\u00f3nica<\/li>\n<li>Maquinaria industrial<\/li>\n<\/ul>\n<h3 id=\"technical-specifications-\">Especificaciones t\u00e9cnicas:<\/h3>\n<table>\n<thead>\n<tr>\n<th>Par\u00e1metro<\/th>\n<th>Especificaci\u00f3n<\/th>\n<\/tr>\n<\/thead>\n<tbody>\n<tr>\n<td><strong>Sistema de control<\/strong><\/td>\n<td>PLC con pantalla t\u00e1ctil HMI<\/td>\n<\/tr>\n<tr>\n<td><strong>Presi\u00f3n hidr\u00e1ulica<\/strong><\/td>\n<td>25 toneladas (ajustable)<\/td>\n<\/tr>\n<tr>\n<td><strong>Di\u00e1metro exterior del producto<\/strong><\/td>\n<td>10 \u2013 150 mm<\/td>\n<\/tr>\n<tr>\n<td><strong>Altura del producto<\/strong><\/td>\n<td>2 \u2013 20 mm<\/td>\n<\/tr>\n<tr>\n<td><strong>Capacidad de producci\u00f3n<\/strong><\/td>\n<td>300 \u2013 800 piezas\/hora (dependiendo del tama\u00f1o del producto)<\/td>\n<\/tr>\n<tr>\n<td><strong>Precisi\u00f3n posicional<\/strong><\/td>\n<td>\u00b10,02 mm<\/td>\n<\/tr>\n<tr>\n<td><strong>Potencia del motor<\/strong><\/td>\n<td>5,5 kW<\/td>\n<\/tr>\n<tr>\n<td><strong>Voltaje<\/strong><\/td>\n<td>380 V\/50 Hz (personalizable)<\/td>\n<\/tr>\n<tr>\n<td><strong>Dimensiones de la m\u00e1quina<\/strong><\/td>\n<td>Aproximadamente 1300 x 1300 x 2000 mm<\/td>\n<\/tr>\n<tr>\n<td><strong>Peso de la m\u00e1quina<\/strong><\/td>\n<td>Aproximadamente 1500 kg<\/td>\n<\/tr>\n<\/tbody>\n<\/table>\n<p>Para obtener especificaciones m\u00e1s detalladas o para hablar sobre las necesidades espec\u00edficas de su aplicaci\u00f3n, visite nuestra p\u00e1gina de contacto en <a href=\"https:\/\/teflonmachinery.com\/es\/contact-us\/\" target=\"_blank\" rel=\"noopener\">https:\/\/teflonmachinery.com\/contact-us\/<\/a> o env\u00edenos un correo electr\u00f3nico a <a href=\"mailto:info@teflonmachinery.com\" target=\"_blank\" rel=\"noopener\">info@teflonmachinery.com<\/a>.<\/p>\n<hr \/>","protected":false},"excerpt":{"rendered":"<p>Nuestra m\u00e1quina autom\u00e1tica de moldeo por compresi\u00f3n de PTFE ofrece una fabricaci\u00f3n de alta precisi\u00f3n para juntas y sellos de PTFE. Esta m\u00e1quina de moldeo por compresi\u00f3n de tefl\u00f3n garantiza una calidad constante y un alto rendimiento para su l\u00ednea de producci\u00f3n. Disfrute de una eficiencia superior y un rendimiento fiable con nuestro sistema de prensa hidr\u00e1ulica automatizada, dise\u00f1ado para aplicaciones industriales exigentes.<\/p>","protected":false},"featured_media":470,"template":"","meta":[],"product_brand":[],"product_cat":[25],"product_tag":[40,44,42,41,43],"class_list":{"0":"post-469","1":"product","2":"type-product","3":"status-publish","4":"has-post-thumbnail","6":"product_cat-ptfe-molding-machine","7":"product_tag-automatic-ptfe-molding-machine","8":"product_tag-hydraulic-ptfe-press","9":"product_tag-ptfe-gasket-molding-machine","10":"product_tag-ptfe-seal-molding-machine","11":"product_tag-teflon-compression-molding-machine","13":"first","14":"instock","15":"shipping-taxable","16":"product-type-simple"},"_links":{"self":[{"href":"https:\/\/teflonmachinery.com\/es\/wp-json\/wp\/v2\/product\/469","targetHints":{"allow":["GET"]}}],"collection":[{"href":"https:\/\/teflonmachinery.com\/es\/wp-json\/wp\/v2\/product"}],"about":[{"href":"https:\/\/teflonmachinery.com\/es\/wp-json\/wp\/v2\/types\/product"}],"wp:featuredmedia":[{"embeddable":true,"href":"https:\/\/teflonmachinery.com\/es\/wp-json\/wp\/v2\/media\/470"}],"wp:attachment":[{"href":"https:\/\/teflonmachinery.com\/es\/wp-json\/wp\/v2\/media?parent=469"}],"wp:term":[{"taxonomy":"product_brand","embeddable":true,"href":"https:\/\/teflonmachinery.com\/es\/wp-json\/wp\/v2\/product_brand?post=469"},{"taxonomy":"product_cat","embeddable":true,"href":"https:\/\/teflonmachinery.com\/es\/wp-json\/wp\/v2\/product_cat?post=469"},{"taxonomy":"product_tag","embeddable":true,"href":"https:\/\/teflonmachinery.com\/es\/wp-json\/wp\/v2\/product_tag?post=469"}],"curies":[{"name":"wp","href":"https:\/\/api.w.org\/{rel}","templated":true}]}}