{"id":466,"date":"2025-10-19T08:47:36","date_gmt":"2025-10-19T08:47:36","guid":{"rendered":"https:\/\/teflonmachinery.com\/?post_type=product&#038;p=466"},"modified":"2025-12-02T12:53:30","modified_gmt":"2025-12-02T12:53:30","slug":"vertical-ptfe-paste-extruder","status":"publish","type":"product","link":"https:\/\/teflonmachinery.com\/es\/producto\/vertical-ptfe-paste-extruder\/","title":{"rendered":"Extrusora vertical de alta precisi\u00f3n para pasta de PTFE \u2013 Tubos m\u00e9dicos"},"content":{"rendered":"<p><strong>Fabricado por Teflon Machinery<\/strong> &#8211; <em>Su socio en el procesamiento avanzado de fluoropol\u00edmeros<\/em><\/p>\n<p>Fabrique tubos de grado m\u00e9dico ultraprecisos con nuestro <strong>Extrusora vertical de alta precisi\u00f3n para pasta de PTFE<\/strong>. Esta extrusora autom\u00e1tica de \u00faltima generaci\u00f3n est\u00e1 dise\u00f1ada para satisfacer las exigentes demandas de la industria de fabricaci\u00f3n de dispositivos m\u00e9dicos, garantizando una precisi\u00f3n dimensional y una consistencia excepcionales para cat\u00e9teres, gu\u00edas y otras aplicaciones m\u00e9dicas cr\u00edticas. Nuestra robusta <strong>Extrusora hidr\u00e1ulica de pasta de PTFE<\/strong> Ofrece un funcionamiento fiable y continuo para obtener resultados superiores, lo que la convierte en la mejor opci\u00f3n para la extrusi\u00f3n de tubos de fluoropol\u00edmero.<\/p>\n<p>En <a href=\"https:\/\/teflonmachinery.com\/es\/\" target=\"_blank\" rel=\"noopener\">Maquinaria de tefl\u00f3n<\/a>, entendemos que la precisi\u00f3n es fundamental. Por eso nuestro <strong>Extrusora m\u00e9dica de tubos de PTFE<\/strong> Est\u00e1 dise\u00f1ado para proporcionar un control de tolerancia, concentricidad y consistencia de primera clase. El dise\u00f1o de extrusi\u00f3n vertical es crucial para la fabricaci\u00f3n de tubos de pared delgada y di\u00e1metro peque\u00f1o, ya que elimina la tensi\u00f3n gravitacional sobre el PTFE sin sinterizar, lo que evita grietas y garantiza una calidad impecable del producto.<\/p>\n<h3 id=\"key-features-advantages\">Caracter\u00edsticas y ventajas principales<\/h3>\n<p>Nuestro <strong>Extrusora autom\u00e1tica de pasta de PTFE<\/strong> Es m\u00e1s que una simple m\u00e1quina; es una soluci\u00f3n completa dise\u00f1ada para ofrecer eficiencia y calidad.<\/p>\n<ul>\n<li><strong>Precisi\u00f3n y tolerancia sin igual:<\/strong> Dise\u00f1ada para ofrecer la m\u00e1xima precisi\u00f3n, nuestra m\u00e1quina puede producir microtubos con tolerancias extremadamente estrictas, lo cual es fundamental para los dispositivos m\u00e9dicos avanzados. El proceso de extrusi\u00f3n con pist\u00f3n vertical garantiza una concentricidad superior y un espesor de pared uniforme.<\/li>\n<li><strong>Sistema hidr\u00e1ulico avanzado:<\/strong> El n\u00facleo de nuestra extrusora es un sistema hidr\u00e1ulico potente y estable que proporciona una presi\u00f3n y una velocidad de pist\u00f3n constantes. Esto es esencial para mantener la calidad y la repetibilidad del proceso de extrusi\u00f3n.<\/li>\n<li><strong>Control PLC inteligente:<\/strong> Equipado con una interfaz de pantalla t\u00e1ctil PLC f\u00e1cil de usar, el sistema permite un control preciso de todos los par\u00e1metros cr\u00edticos, incluyendo la temperatura, la presi\u00f3n y la velocidad de extrusi\u00f3n. Este control inteligente minimiza los residuos y maximiza la productividad.<\/li>\n<li><strong>Construcci\u00f3n robusta y duradera:<\/strong> Fabricadas con componentes de alta calidad, nuestras extrusoras est\u00e1n dise\u00f1adas para ofrecer una larga vida \u00fatil y un bajo mantenimiento, lo que garantiza un menor coste total de propiedad y un rendimiento fiable durante muchos a\u00f1os.<\/li>\n<li><strong>Versatilidad para aplicaciones m\u00e9dicas:<\/strong> Esto <strong>M\u00e1quina para cat\u00e9teres de PTFE<\/strong> Es ideal para producir una amplia gama de productos de grado m\u00e9dico, incluyendo tubos de un solo lumen y de m\u00faltiples l\u00famenes, tubos termorretr\u00e1ctiles y revestimientos para diversos instrumentos m\u00e9dicos.<\/li>\n<\/ul>\n<h3 id=\"the-vertical-paste-extrusion-process\">El proceso de extrusi\u00f3n vertical de pasta<\/h3>\n<p>La t\u00e9cnica de extrusi\u00f3n de pasta es esencial para procesar la resina de polvo fino de PTFE y convertirla en tubos de alta calidad. El proceso consiste en:<\/p>\n<ol>\n<li><strong>Mezcla:<\/strong> El polvo fino de PTFE se mezcla cuidadosamente con un lubricante para formar una pasta.<\/li>\n<li><strong>Preformado:<\/strong> La pasta se comprime en una palanquilla cil\u00edndrica o \u201cpreforma\u201d.\u201d<\/li>\n<li><strong>Extrusi\u00f3n:<\/strong> La preforma se carga en el <strong>Extrusora vertical de pasta de PTFE<\/strong>. El pist\u00f3n hidr\u00e1ulico empuja el material a trav\u00e9s de un conjunto especializado de matriz y mandril a una velocidad controlada con precisi\u00f3n para formar el \u201ctubo verde\u201d.\u201d<\/li>\n<li><strong>Sinterizaci\u00f3n:<\/strong> A continuaci\u00f3n, el tubo extruido se pasa por un horno multizona para eliminar el lubricante y sinterizar el PTFE, lo que une las part\u00edculas entre s\u00ed para formar un tubo s\u00f3lido y duradero con propiedades excepcionales.<\/li>\n<\/ol>\n<h3 id=\"technical-specifications\">Especificaciones t\u00e9cnicas<\/h3>\n<table>\n<thead>\n<tr>\n<th style=\"text-align: left;\"><strong>Par\u00e1metro<\/strong><\/th>\n<th style=\"text-align: left;\"><strong>Especificaci\u00f3n<\/strong><\/th>\n<\/tr>\n<\/thead>\n<tbody>\n<tr>\n<td style=\"text-align: left;\"><strong>Tipo de extrusi\u00f3n<\/strong><\/td>\n<td style=\"text-align: left;\">Extrusi\u00f3n vertical con pist\u00f3n descendente<\/td>\n<\/tr>\n<tr>\n<td style=\"text-align: left;\"><strong>Sistema de control<\/strong><\/td>\n<td style=\"text-align: left;\">PLC con interfaz de pantalla t\u00e1ctil<\/td>\n<\/tr>\n<tr>\n<td style=\"text-align: left;\"><strong>M\u00e9todo de conducci\u00f3n<\/strong><\/td>\n<td style=\"text-align: left;\">Sistema hidr\u00e1ulico de ariete<\/td>\n<\/tr>\n<tr>\n<td style=\"text-align: left;\"><strong>Di\u00e1metro exterior del tubo extruido<\/strong><\/td>\n<td style=\"text-align: left;\">0,5 mm \u2013 20 mm (personalizable)<\/td>\n<\/tr>\n<tr>\n<td style=\"text-align: left;\"><strong>Espesor de pared<\/strong><\/td>\n<td style=\"text-align: left;\">Hasta 0,05 mm (dependiendo de la aplicaci\u00f3n)<\/td>\n<\/tr>\n<tr>\n<td style=\"text-align: left;\"><strong>Velocidad de extrusi\u00f3n<\/strong><\/td>\n<td style=\"text-align: left;\">2 \u2013 15 metros\/minuto (ajustable)<\/td>\n<\/tr>\n<tr>\n<td style=\"text-align: left;\"><strong>Presi\u00f3n m\u00e1xima de extrusi\u00f3n<\/strong><\/td>\n<td style=\"text-align: left;\">Hasta 150 MPa<\/td>\n<\/tr>\n<tr>\n<td style=\"text-align: left;\"><strong>Zonas de calefacci\u00f3n<\/strong><\/td>\n<td style=\"text-align: left;\">Control de temperatura de precisi\u00f3n multizona<\/td>\n<\/tr>\n<tr>\n<td style=\"text-align: left;\"><strong>Fuente de alimentaci\u00f3n<\/strong><\/td>\n<td style=\"text-align: left;\">380 V, 50 Hz, trif\u00e1sico (personalizable)<\/td>\n<\/tr>\n<tr>\n<td style=\"text-align: left;\"><strong>Materiales<\/strong><\/td>\n<td style=\"text-align: left;\">Resina de polvo fino de PTFE<\/td>\n<\/tr>\n<\/tbody>\n<\/table>\n<h3 id=\"applications-in-medical-device-manufacturing\">Aplicaciones en la fabricaci\u00f3n de dispositivos m\u00e9dicos<\/h3>\n<p>La excepcional biocompatibilidad, inercia qu\u00edmica y lubricidad del PTFE lo convierten en el material ideal para innumerables aplicaciones m\u00e9dicas. Nuestro <strong>Extrusora de alta precisi\u00f3n<\/strong> es perfectamente adecuado para la fabricaci\u00f3n:<\/p>\n<ul>\n<li>Revestimientos y tubos para cat\u00e9teres<\/li>\n<li>Injertos vasculares<\/li>\n<li>Canales endosc\u00f3picos<\/li>\n<li>Sistemas de administraci\u00f3n de f\u00e1rmacos<\/li>\n<li>Aislamiento de instrumentos quir\u00fargicos<\/li>\n<\/ul>\n<h3 id=\"why-choose-teflon-machinery-\">\u00bfPor qu\u00e9 elegir Teflon Machinery?<\/h3>\n<p>Como fabricante especializado en equipos para el procesamiento de fluoropol\u00edmeros, <strong>Maquinaria de tefl\u00f3n<\/strong> ofrece mucho m\u00e1s que maquinaria. Proporcionamos soluciones completas y llave en mano, incluyendo equipos auxiliares y asesoramiento t\u00e9cnico experto, para garantizar que su l\u00ednea de producci\u00f3n est\u00e9 optimizada para alcanzar el m\u00e1ximo rendimiento. Nuestro compromiso con la innovaci\u00f3n y la calidad nos convierte en el socio ideal para su <strong>fabricaci\u00f3n de dispositivos m\u00e9dicos<\/strong> necesidades.<\/p>\n<p><strong>\u00bfListo para mejorar tus capacidades de producci\u00f3n?<\/strong><\/p>\n<p>Para obtener especificaciones detalladas, un presupuesto personalizado o asesoramiento t\u00e9cnico sobre nuestros <strong>Extrusora vertical de pasta de PTFE<\/strong>, p\u00f3ngase en contacto con nuestro equipo de expertos hoy mismo.<\/p>\n<p><strong>Cont\u00e1ctenos:<\/strong> <a href=\"https:\/\/teflonmachinery.com\/es\/contact-us\/\" target=\"_blank\" rel=\"noopener\">https:\/\/teflonmachinery.com\/contact-us\/<\/a><br \/>\n<strong>Correo electr\u00f3nico:<\/strong> <a href=\"mailto:info@teflonmachinery.com\" target=\"_blank\" rel=\"noopener\">info@teflonmachinery.com<\/a><br \/>\n<strong>Sitio web:<\/strong> <a href=\"https:\/\/teflonmachinery.com\/es\/\" target=\"_blank\" rel=\"noopener\">https:\/\/teflonmachinery.com\/<\/a><\/p>","protected":false},"excerpt":{"rendered":"<p>Fabrique tubos de grado m\u00e9dico ultraprecisos con nuestra extrusora vertical de alta precisi\u00f3n para pasta de PTFE. Esta extrusora autom\u00e1tica garantiza una precisi\u00f3n dimensional y una consistencia excepcionales para cat\u00e9teres y otras aplicaciones m\u00e9dicas cr\u00edticas. Nuestra extrusora hidr\u00e1ulica para pasta de PTFE ofrece un funcionamiento fiable y continuo para obtener resultados superiores.<\/p>","protected":false},"featured_media":468,"template":"","meta":[],"product_brand":[],"product_cat":[24],"product_tag":[39,36,38,35,37],"class_list":{"0":"post-466","1":"product","2":"type-product","3":"status-publish","4":"has-post-thumbnail","6":"product_cat-paste-extruders","7":"product_tag-fluoropolymer-tubing-extruder","8":"product_tag-high-precision-extruder","9":"product_tag-medical-device-manufacturing","10":"product_tag-medical-ptfe-tube-extruder","11":"product_tag-ptfe-catheter-machine","13":"first","14":"instock","15":"shipping-taxable","16":"product-type-simple"},"_links":{"self":[{"href":"https:\/\/teflonmachinery.com\/es\/wp-json\/wp\/v2\/product\/466","targetHints":{"allow":["GET"]}}],"collection":[{"href":"https:\/\/teflonmachinery.com\/es\/wp-json\/wp\/v2\/product"}],"about":[{"href":"https:\/\/teflonmachinery.com\/es\/wp-json\/wp\/v2\/types\/product"}],"wp:featuredmedia":[{"embeddable":true,"href":"https:\/\/teflonmachinery.com\/es\/wp-json\/wp\/v2\/media\/468"}],"wp:attachment":[{"href":"https:\/\/teflonmachinery.com\/es\/wp-json\/wp\/v2\/media?parent=466"}],"wp:term":[{"taxonomy":"product_brand","embeddable":true,"href":"https:\/\/teflonmachinery.com\/es\/wp-json\/wp\/v2\/product_brand?post=466"},{"taxonomy":"product_cat","embeddable":true,"href":"https:\/\/teflonmachinery.com\/es\/wp-json\/wp\/v2\/product_cat?post=466"},{"taxonomy":"product_tag","embeddable":true,"href":"https:\/\/teflonmachinery.com\/es\/wp-json\/wp\/v2\/product_tag?post=466"}],"curies":[{"name":"wp","href":"https:\/\/api.w.org\/{rel}","templated":true}]}}