{"id":465,"date":"2025-10-19T06:00:24","date_gmt":"2025-10-19T06:00:24","guid":{"rendered":"https:\/\/teflonmachinery.com\/?post_type=product&#038;p=465"},"modified":"2026-01-21T06:10:35","modified_gmt":"2026-01-21T06:10:35","slug":"ptfe-tube-ram-extruder","status":"publish","type":"product","link":"https:\/\/teflonmachinery.com\/es\/producto\/ptfe-tube-ram-extruder\/","title":{"rendered":"PTFE\/Teflon Vertical Ram Extruder for Tubes\/Pipes"},"content":{"rendered":"<p>Descubra la cumbre de la ingenier\u00eda de precisi\u00f3n con el <strong>Extrusora vertical de pist\u00f3n de PTFE<\/strong> desde <strong>Maquinaria de tefl\u00f3n<\/strong>, una tecnolog\u00eda de vanguardia <strong>Extrusora autom\u00e1tica de pist\u00f3n<\/strong> dise\u00f1ado espec\u00edficamente para la producci\u00f3n fluida de alta calidad <strong>Barras de PTFE<\/strong> y <strong>tubos<\/strong>. Como l\u00edder innovador en <strong>Extrusora de pist\u00f3n de PTFE<\/strong> tecnolog\u00eda, nuestro <strong>Extrusora vertical de pist\u00f3n<\/strong> combina sistemas hidr\u00e1ulicos avanzados con controles automatizados para ofrecer una eficiencia de extrusi\u00f3n sin igual, reduciendo significativamente el consumo de energ\u00eda y garantizando resultados consistentes y superiores incluso en las aplicaciones industriales m\u00e1s exigentes. Tanto si procesa PTFE virgen como compuestos rellenos, este <strong>Extrusora de varillas de PTFE<\/strong> y <strong>Extrusora de tubos de PTFE<\/strong> Destaca en el manejo de materiales de alta viscosidad con un tiempo de inactividad m\u00ednimo, lo que maximiza la productividad para los clientes B2B de todo el mundo.<\/p>\n<p>En <strong>Maquinaria de tefl\u00f3n<\/strong>, comprendemos la necesidad cr\u00edtica de fiabilidad en <strong>Extrusi\u00f3n de PTFE<\/strong> procesos. Nuestro <strong>Extrusora vertical de pist\u00f3n de PTFE<\/strong> cuenta con un innovador dise\u00f1o vertical que se extiende de arriba abajo, eliminando la tensi\u00f3n sobre el material sin sinterizar y evitando la deformaci\u00f3n. Esto <strong>Extrusora autom\u00e1tica de pist\u00f3n<\/strong> Es compacto, requiere menos de 2 metros cuadrados de espacio, lo que lo hace ideal para su instalaci\u00f3n en pisos superiores o en instalaciones con espacio limitado. Con capacidades de empuje que van desde 25 a 100 toneladas y longitudes de carrera de hasta 54 pulgadas, admite di\u00e1metros de varilla de 35 mm a 500 mm, lo que garantiza versatilidad para diversas escalas de producci\u00f3n.<\/p>\n<h2 id=\"key-features-of-our-ptfe-vertical-ram-extruder\">Caracter\u00edsticas principales de nuestra extrusora vertical de pist\u00f3n de PTFE<\/h2>\n<ul>\n<li><strong>Automatizaci\u00f3n y control superiores<\/strong>: Funcionamiento totalmente autom\u00e1tico con zonificaci\u00f3n precisa de la temperatura (hasta 5 zonas de calentamiento) para una sinterizaci\u00f3n \u00f3ptima y una calidad uniforme del producto.<\/li>\n<li><strong>Dise\u00f1o energ\u00e9ticamente eficiente<\/strong>: El bajo consumo energ\u00e9tico (por ejemplo, motor de 3 kW, calefacci\u00f3n de 15-25 kW) minimiza los costes operativos sin comprometer el rendimiento.<\/li>\n<li><strong>Manipulaci\u00f3n mejorada de materiales<\/strong>: La nueva tolva de alimentaci\u00f3n tiene capacidad para hasta 25 kg de polvo de PTFE presinterizado, lo que reduce la fatiga de los trabajadores y mejora la eficiencia del flujo de trabajo.<\/li>\n<li><strong>Alta estabilidad y rendimiento<\/strong>: El sistema de ariete hidr\u00e1ulico proporciona un empuje constante, ideal para <strong>Extrusora de varillas de PTFE<\/strong> y <strong>Extrusora de tubos de PTFE<\/strong> aplicaciones, con variaciones m\u00ednimas de tolerancia para dimensiones precisas.<\/li>\n<li><strong>Respetuoso con el medio ambiente<\/strong>: La tecnolog\u00eda avanzada de sinterizaci\u00f3n garantiza una producci\u00f3n limpia y con bajas emisiones, en consonancia con las normas de fabricaci\u00f3n sostenible.<\/li>\n<li><strong>Compatibilidad vers\u00e1til<\/strong>Procesa PTFE virgen, compuestos rellenos e incluso UHMW-PE, satisfaciendo una amplia gama de necesidades industriales.<\/li>\n<\/ul>\n<p>Dise\u00f1ado para la excelencia, este <strong>Extrusora vertical de pist\u00f3n<\/strong> destaca como la soluci\u00f3n ideal para los fabricantes que buscan un producto robusto. <strong>Extrusora de pist\u00f3n de PTFE<\/strong> que aumenta la producci\u00f3n al tiempo que mantiene los m\u00e1s altos est\u00e1ndares de calidad.<\/p>\n<h2 id=\"technical-specifications\">Especificaciones t\u00e9cnicas<\/h2>\n<table>\n<thead>\n<tr>\n<th>Par\u00e1metro<\/th>\n<th>Detalles de las especificaciones<\/th>\n<\/tr>\n<\/thead>\n<tbody>\n<tr>\n<td><strong>Di\u00e1metro adecuado de la varilla\/tubo<\/strong><\/td>\n<td>35-500 mm (personalizable hasta 20\u2033)<\/td>\n<\/tr>\n<tr>\n<td><strong>Tipo de extrusi\u00f3n<\/strong><\/td>\n<td>Vertical (extrusi\u00f3n vertical de ram)<\/td>\n<\/tr>\n<tr>\n<td><strong>Carga de empuje<\/strong><\/td>\n<td>25-100 toneladas<\/td>\n<\/tr>\n<tr>\n<td><strong>Longitud de carrera<\/strong><\/td>\n<td>36&#8243; &#8211; 54&#8243;<\/td>\n<\/tr>\n<tr>\n<td><strong>Zonas de calefacci\u00f3n<\/strong><\/td>\n<td>5 zonas (control preciso de la temperatura para la sinterizaci\u00f3n)<\/td>\n<\/tr>\n<tr>\n<td><strong>Potencia del motor<\/strong><\/td>\n<td>3 kW (sistema hidr\u00e1ulico)<\/td>\n<\/tr>\n<tr>\n<td><strong>Potencia calor\u00edfica<\/strong><\/td>\n<td>15-25 kW<\/td>\n<\/tr>\n<tr>\n<td><strong>Capacidad de alimentaci\u00f3n<\/strong><\/td>\n<td>Hasta 25 kg de polvo de PTFE presinterizado por carga.<\/td>\n<\/tr>\n<tr>\n<td><strong>Tolerancia<\/strong><\/td>\n<td>\u00b10,1 mm (alta precisi\u00f3n para un rendimiento constante)<\/td>\n<\/tr>\n<tr>\n<td><strong>Requisitos de espacio<\/strong><\/td>\n<td>&lt;2 metros cuadrados (dise\u00f1o compacto)<\/td>\n<\/tr>\n<tr>\n<td><strong>Compatibilidad de materiales<\/strong><\/td>\n<td>PTFE virgen, compuestos de PTFE rellenos, UHMW-PE<\/td>\n<\/tr>\n<tr>\n<td><strong>Sistema de control<\/strong><\/td>\n<td>PLC totalmente autom\u00e1tico con interfaz de f\u00e1cil manejo.<\/td>\n<\/tr>\n<\/tbody>\n<\/table>\n<p><em>Nota: Las especificaciones se pueden personalizar en funci\u00f3n de los requisitos espec\u00edficos de producci\u00f3n. P\u00f3ngase en contacto con nosotros para obtener configuraciones a medida.<\/em><\/p>\n<h2 id=\"applications-of-ptfe-vertical-ram-extruder\">Aplicaciones de la extrusora vertical de pist\u00f3n de PTFE<\/h2>\n<p>Nuestro <strong>Extrusora de tubos de PTFE<\/strong> y <strong>Extrusora de varillas de PTFE<\/strong> Son indispensables en industrias que requieren componentes de fluoropol\u00edmero duraderos y de alto rendimiento. Las aplicaciones clave incluyen:<\/p>\n<ul>\n<li><strong>Sellos y juntas<\/strong>: Producir de manera confiable <strong>Barras de PTFE<\/strong> para sellos de automoci\u00f3n, aeroespaciales y de procesamiento qu\u00edmico que soportan temperaturas y presiones extremas.<\/li>\n<li><strong>Aislantes el\u00e9ctricos<\/strong>: Precisi\u00f3n <strong>Tubos de PTFE<\/strong> para el aislamiento en mazos de cables y equipos de alta tensi\u00f3n, garantizando la integridad el\u00e9ctrica.<\/li>\n<li><strong>Procesamiento m\u00e9dico y alimentario<\/strong>: No reactivo <strong>Extrusi\u00f3n de PTFE<\/strong> Productos para tubos est\u00e9riles y componentes de transportadores.<\/li>\n<li><strong>Filtraci\u00f3n industrial<\/strong>: Personalizado <strong>Extrusora vertical de pist\u00f3n<\/strong> Salidas para membranas filtrantes y casquillos en entornos hostiles.<\/li>\n<\/ul>\n<p>Con m\u00e1s de 400 m\u00e1quinas similares en servicio en todo el mundo, <strong>Maquinaria de tefl\u00f3n<\/strong>\u2018de <strong>Extrusora autom\u00e1tica de pist\u00f3n<\/strong> ha demostrado su fiabilidad en todos los sectores B2B, desde la electr\u00f3nica hasta la maquinaria pesada.<\/p>\n<h2 id=\"why-choose-teflon-machinery-s-ptfe-ram-extruder-\">\u00bfPor qu\u00e9 elegir la extrusora de pist\u00f3n de PTFE de Teflon Machinery?<\/h2>\n<p>Como pioneros en <strong>Extrusora vertical de pist\u00f3n de PTFE<\/strong> tecnolog\u00eda, priorizamos la innovaci\u00f3n, la durabilidad y el \u00e9xito del cliente. Nuestras m\u00e1quinas est\u00e1n fabricadas para durar, respaldadas por un servicio de asistencia integral que incluye instalaci\u00f3n, formaci\u00f3n y mantenimiento. Experimente la diferencia con una <strong>Extrusora de varillas de PTFE<\/strong> que no solo cumple, sino que supera los est\u00e1ndares de referencia del sector en cuanto a eficiencia y precisi\u00f3n.<\/p>\n<p>\u00bfListo para mejorar tu producci\u00f3n? Visita nuestra <a href=\"https:\/\/teflonmachinery.com\/es\/contact-us\/\" target=\"_blank\" rel=\"noopener\">p\u00e1gina de contacto<\/a> o env\u00edenos un correo electr\u00f3nico a <a href=\"mailto:info@teflonmachinery.com\" target=\"_blank\" rel=\"noopener\">info@teflonmachinery.com<\/a> para obtener un presupuesto personalizado. Descubre m\u00e1s en <a href=\"https:\/\/teflonmachinery.com\/es\/\" target=\"_blank\" rel=\"noopener\">Maquinaria de tefl\u00f3n<\/a>.<\/p>\n<hr \/>","protected":false},"excerpt":{"rendered":"<p>Descubra la avanzada extrusora vertical de pist\u00f3n de PTFE, dise\u00f1ada para la producci\u00f3n precisa de varillas y tubos de PTFE de alta calidad. Esta extrusora autom\u00e1tica de pist\u00f3n garantiza una eficiencia de extrusi\u00f3n superior, reduciendo el consumo de energ\u00eda y ofreciendo resultados consistentes en aplicaciones industriales exigentes.<\/p>\n<p>Ideal para la fabricaci\u00f3n de juntas, empaquetaduras y aislantes el\u00e9ctricos, nuestra extrusora hidr\u00e1ulica maneja con facilidad PTFE virgen y compuestos rellenos. Disfrute de una estabilidad y un rendimiento inigualables en la extrusi\u00f3n de varillas de PTFE, minimizando el tiempo de inactividad y maximizando la productividad de sus operaciones. Con un innovador dise\u00f1o vertical, elimina la tensi\u00f3n sobre el material sin sinterizar, lo que la hace perfecta para clientes B2B que buscan soluciones fiables de extrusi\u00f3n de tubos de PTFE.<\/p>","protected":false},"featured_media":467,"template":"","meta":[],"product_brand":[],"product_cat":[23],"product_tag":[34,30,32,33,31],"class_list":{"0":"post-465","1":"product","2":"type-product","3":"status-publish","4":"has-post-thumbnail","6":"product_cat-ptfe-uhmwpe-ram-extruder","7":"product_tag-automatic-ram-extruder","8":"product_tag-ptfe-ram-extruder","9":"product_tag-ptfe-rod-extruder","10":"product_tag-ptfe-tube-extruder","11":"product_tag-vertical-ram-extruder","13":"first","14":"instock","15":"shipping-taxable","16":"product-type-simple"},"_links":{"self":[{"href":"https:\/\/teflonmachinery.com\/es\/wp-json\/wp\/v2\/product\/465","targetHints":{"allow":["GET"]}}],"collection":[{"href":"https:\/\/teflonmachinery.com\/es\/wp-json\/wp\/v2\/product"}],"about":[{"href":"https:\/\/teflonmachinery.com\/es\/wp-json\/wp\/v2\/types\/product"}],"wp:featuredmedia":[{"embeddable":true,"href":"https:\/\/teflonmachinery.com\/es\/wp-json\/wp\/v2\/media\/467"}],"wp:attachment":[{"href":"https:\/\/teflonmachinery.com\/es\/wp-json\/wp\/v2\/media?parent=465"}],"wp:term":[{"taxonomy":"product_brand","embeddable":true,"href":"https:\/\/teflonmachinery.com\/es\/wp-json\/wp\/v2\/product_brand?post=465"},{"taxonomy":"product_cat","embeddable":true,"href":"https:\/\/teflonmachinery.com\/es\/wp-json\/wp\/v2\/product_cat?post=465"},{"taxonomy":"product_tag","embeddable":true,"href":"https:\/\/teflonmachinery.com\/es\/wp-json\/wp\/v2\/product_tag?post=465"}],"curies":[{"name":"wp","href":"https:\/\/api.w.org\/{rel}","templated":true}]}}